{"id":10352,"date":"2020-06-11T15:54:58","date_gmt":"2020-06-11T15:54:58","guid":{"rendered":"http:\/\/alvarezysota.es\/cookies\/"},"modified":"2020-06-12T11:24:19","modified_gmt":"2020-06-12T11:24:19","slug":"cookies","status":"publish","type":"page","link":"https:\/\/alvarezysota.es\/en\/cookies\/","title":{"rendered":"Cookies"},"content":{"rendered":"<p>[vc_row css_animation=&#8221;&#8221; row_type=&#8221;row&#8221; use_row_as_full_screen_section=&#8221;no&#8221; type=&#8221;grid&#8221; angled_section=&#8221;no&#8221; text_align=&#8221;left&#8221; background_image_as_pattern=&#8221;without_pattern&#8221; css=&#8221;.vc_custom_1509097755585{padding-top: 120px !important;padding-bottom: 120px !important;background-color: #ffffff !important;}&#8221;][vc_column][vc_column_text]El presente sitio web es propiedad de alvarezysota.es, est\u00e1 registrado a favor de alvarez&amp;sota con domicilio en la Calle\u00a0 Rosal, 23 \u2013 1\u00ba B \u2013 33009 \u2013 Oviedo y\u00a0 n\u00famero de colegiado: 5.259.<\/p>\n<p>Aunque las cookies utilizadas por alvarezysota.es son almacenadas en el disco duro del usuario (ordenador, tablet, smartphone o cualquier dispositivo an\u00e1logo) no pueden leer los datos contenidos en el disco ni los archivos creados por otros proveedores. Las cookies son utilizadas con el objetivo de reconocer los dispositivos desde los que los usuarios acceden al sitio web y as\u00ed poder ofrecerles un mejor servicio personalizado. Asimismo, son utilizadas para obtener informaci\u00f3n totalmente an\u00f3nima sobre datos de acceso, as\u00ed como para medir algunos par\u00e1metros de tr\u00e1fico en la propia p\u00e1gina web y calcular el n\u00famero de visitas. En cualquier caso, el usuario podr\u00e1 impedir la generaci\u00f3n o descarga de cookies a trav\u00e9s de su navegador. Si por el contrario el usuario contin\u00faa navegando por la p\u00e1gina, se entender\u00e1 que acepta la utilizaci\u00f3n de las cookies.<\/p>\n<p>1. Definici\u00f3n de cookie<\/p>\n<p>Una cookie es un fichero que se descarga en el disco duro del usuario al acceder a determinadas p\u00e1ginas web. Entre otras cosas posibilitan, almacenar y recuperar informaci\u00f3n sobre los h\u00e1bitos de navegaci\u00f3n del dispositivo desde el cual se navega y en ocasiones reconocer al usuario.<\/p>\n<p>2. Cookies en este sitio web<\/p>\n<p>El tipo de cookies que utiliza alvarezysota.es son:<\/p>\n<ul>\n<li>\u00a0Cookies t\u00e9cnicas: son aquellas orientadas \u00fanicamente a proporcionar al usuario una correcta navegaci\u00f3n.<\/li>\n<li>\u00a0Cookies de personalizaci\u00f3n: son capaces de reconocer aspectos como el navegador utilizado o el pa\u00eds desde el que se accede para ofrecer al usuario una versi\u00f3n lo m\u00e1s adaptada posible de la p\u00e1gina.<\/li>\n<li>\u00a0Cookies de an\u00e1lisis: son capaces de obtener informaci\u00f3n del n\u00famero de usuarios que visitan el sitio para realizar un an\u00e1lisis estad\u00edstico de la navegaci\u00f3n de la p\u00e1gina.<\/li>\n<\/ul>\n<p>Por su parte alvarezysota.es \u00a0gestiona:<\/p>\n<p>\u00b7 Cookies propias:<br \/>\nGoogle Analytics: nos permite obtener estad\u00edsticas acerca de aspectos relativos a la navegaci\u00f3n que realizan el conjunto de los usuarios que acceden al sitio web de alvarezysota.es. La informaci\u00f3n obtenida no se asocia o vincula con personas en concreto y \u00fanicamente se utiliza para detectar puntos de mejora.<\/p>\n<p>3. Bloquear el almacenamiento de cookies<br \/>\nSi desea impedir la generaci\u00f3n o descarga de cookies a trav\u00e9s de su navegador puede realizarlo a trav\u00e9s de los siguientes enlaces:<\/p>\n<ul>\n<li>Internet Explorer: Herramientas -&gt; Opciones de Internet -&gt; Privacidad -&gt; Configuraci\u00f3n. Para m\u00e1s informaci\u00f3n, puede consultar el soporte de Microsoft o la Ayuda del navegador.<\/li>\n<li>Firefox: Herramientas -&gt; Opciones -&gt; Privacidad -&gt; Historial -&gt; Configuraci\u00f3n Personalizada. Para m\u00e1s informaci\u00f3n, puede consultar el soporte de Mozilla o la Ayuda del navegador.<\/li>\n<li>Chrome: Configuraci\u00f3n -&gt; Mostrar opciones avanzadas -&gt; Privacidad -&gt; Configuraci\u00f3n de contenido. Para m\u00e1s informaci\u00f3n, puede consultar el soporte de Google o la Ayuda del navegador.<\/li>\n<li>Safari: Preferencias -&gt; Seguridad. Para m\u00e1s informaci\u00f3n, puede consultar el soporte de Apple o la Ayuda del navegador.<\/li>\n<\/ul>\n<p>[\/vc_column_text][\/vc_column][\/vc_row]<\/p>\n","protected":false},"excerpt":{"rendered":"<p>[vc_row css_animation=&#8221;&#8221; row_type=&#8221;row&#8221; use_row_as_full_screen_section=&#8221;no&#8221; type=&#8221;grid&#8221; angled_section=&#8221;no&#8221; text_align=&#8221;left&#8221; background_image_as_pattern=&#8221;without_pattern&#8221; css=&#8221;.vc_custom_1509097755585{padding-top: 120px !important;padding-bottom: 120px !important;background-color: #ffffff !important;}&#8221;][vc_column][vc_column_text]El presente sitio web es propiedad de alvarezysota.es, est\u00e1 registrado a favor de alvarez&amp;sota con domicilio en la Calle\u00a0 Rosal, 23 \u2013 1\u00ba B \u2013 33009 \u2013 Oviedo y\u00a0 n\u00famero de&#8230;<\/p>\n","protected":false},"author":1,"featured_media":0,"parent":0,"menu_order":0,"comment_status":"closed","ping_status":"closed","template":"full_width.php","meta":{"footnotes":""},"class_list":["post-10352","page","type-page","status-publish","hentry"],"jetpack_sharing_enabled":true,"_links":{"self":[{"href":"https:\/\/alvarezysota.es\/en\/wp-json\/wp\/v2\/pages\/10352","targetHints":{"allow":["GET"]}}],"collection":[{"href":"https:\/\/alvarezysota.es\/en\/wp-json\/wp\/v2\/pages"}],"about":[{"href":"https:\/\/alvarezysota.es\/en\/wp-json\/wp\/v2\/types\/page"}],"author":[{"embeddable":true,"href":"https:\/\/alvarezysota.es\/en\/wp-json\/wp\/v2\/users\/1"}],"replies":[{"embeddable":true,"href":"https:\/\/alvarezysota.es\/en\/wp-json\/wp\/v2\/comments?post=10352"}],"version-history":[{"count":1,"href":"https:\/\/alvarezysota.es\/en\/wp-json\/wp\/v2\/pages\/10352\/revisions"}],"predecessor-version":[{"id":10353,"href":"https:\/\/alvarezysota.es\/en\/wp-json\/wp\/v2\/pages\/10352\/revisions\/10353"}],"wp:attachment":[{"href":"https:\/\/alvarezysota.es\/en\/wp-json\/wp\/v2\/media?parent=10352"}],"curies":[{"name":"wp","href":"https:\/\/api.w.org\/{rel}","templated":true}]}}